{"id":1992,"date":"2024-10-25T13:40:49","date_gmt":"2024-10-25T13:40:49","guid":{"rendered":"https:\/\/stg-unisafetywp-stage.kinsta.cloud\/tutorials\/front-end-orders\/"},"modified":"2024-10-25T18:39:30","modified_gmt":"2024-10-25T18:39:30","slug":"front-end-orders","status":"publish","type":"page","link":"https:\/\/unisafety.motto.design\/fr\/tutorials\/front-end-orders\/","title":{"rendered":"Commandes publiques"},"content":{"rendered":"\n<p>Pour commander un produit sur Unisafety, naviguez jusqu&#8217;\u00e0 la boutique et cliquez sur le produit que vous voulez commander<\/p>\n\n\n\n<p>Si le produit que vous avez choisi doit \u00eatre configur\u00e9 (en s\u00e9lectionnant une taille ou une couleur), vous devez configurer les attributs du produit avant de pouvoir l&#8217;ajouter a votre panier.<\/p>\n\n\n\n<figure class=\"wp-block-image size-large\"><img loading=\"lazy\" decoding=\"async\" width=\"1024\" height=\"670\" src=\"https:\/\/stg-unisafetywp-stage.kinsta.cloud\/wp-content\/uploads\/2024\/10\/Screenshot-2024-10-25-at-1.46.33\u202fPM-1024x670.png\" alt=\"\" class=\"wp-image-1993\" srcset=\"https:\/\/unisafety.motto.design\/wp-content\/uploads\/2024\/10\/Screenshot-2024-10-25-at-1.46.33\u202fPM-1024x670.png 1024w, https:\/\/unisafety.motto.design\/wp-content\/uploads\/2024\/10\/Screenshot-2024-10-25-at-1.46.33\u202fPM-300x196.png 300w, https:\/\/unisafety.motto.design\/wp-content\/uploads\/2024\/10\/Screenshot-2024-10-25-at-1.46.33\u202fPM-768x502.png 768w, https:\/\/unisafety.motto.design\/wp-content\/uploads\/2024\/10\/Screenshot-2024-10-25-at-1.46.33\u202fPM-1536x1005.png 1536w, https:\/\/unisafety.motto.design\/wp-content\/uploads\/2024\/10\/Screenshot-2024-10-25-at-1.46.33\u202fPM-2048x1340.png 2048w, https:\/\/unisafety.motto.design\/wp-content\/uploads\/2024\/10\/Screenshot-2024-10-25-at-1.46.33\u202fPM-416x272.png 416w\" sizes=\"auto, (max-width: 1024px) 100vw, 1024px\" \/><\/figure>\n\n\n\n<p>Une fois le produit correctement ajout\u00e9 au panier, vous verrez apparaitre un bandeau vert en haut de la page du produit:<\/p>\n\n\n\n<figure class=\"wp-block-image size-large\"><img loading=\"lazy\" decoding=\"async\" width=\"1024\" height=\"381\" src=\"https:\/\/stg-unisafetywp-stage.kinsta.cloud\/wp-content\/uploads\/2024\/10\/Screenshot-2024-10-25-at-2.04.08\u202fPM-1024x381.png\" alt=\"\" class=\"wp-image-1997\" srcset=\"https:\/\/unisafety.motto.design\/wp-content\/uploads\/2024\/10\/Screenshot-2024-10-25-at-2.04.08\u202fPM-1024x381.png 1024w, https:\/\/unisafety.motto.design\/wp-content\/uploads\/2024\/10\/Screenshot-2024-10-25-at-2.04.08\u202fPM-300x112.png 300w, https:\/\/unisafety.motto.design\/wp-content\/uploads\/2024\/10\/Screenshot-2024-10-25-at-2.04.08\u202fPM-768x286.png 768w, https:\/\/unisafety.motto.design\/wp-content\/uploads\/2024\/10\/Screenshot-2024-10-25-at-2.04.08\u202fPM-1536x572.png 1536w, https:\/\/unisafety.motto.design\/wp-content\/uploads\/2024\/10\/Screenshot-2024-10-25-at-2.04.08\u202fPM-2048x762.png 2048w, https:\/\/unisafety.motto.design\/wp-content\/uploads\/2024\/10\/Screenshot-2024-10-25-at-2.04.08\u202fPM-416x155.png 416w\" sizes=\"auto, (max-width: 1024px) 100vw, 1024px\" \/><\/figure>\n\n\n\n<p><\/p>\n\n\n\n<p>Vous pouvez alors acceder a votre panier en cliquant &#8220;Voir le panier&#8221; ou vous pouvez continuer a magasiner at ajouter plus de produits a votre panier.<\/p>\n\n\n\n<p>Votre panier est toujours accessible en cliquant sur l&#8217;ic\u00f4ne du panier dans le haut de page.<\/p>\n\n\n\n<p>Une fois dans votre panier, vous verrez le r\u00e9capitulatif des produits ajout\u00e9s au panier, ainsi que les details de leur taille ou couleur.<\/p>\n\n\n\n<p>Vous pouvez \u00e9diter les quantit\u00e9 souhait\u00e9es pour chaque produits ou supprimer un produit de votre panier.<\/p>\n\n\n\n<p>Vous pouvez aussi y trouver le r\u00e9sum\u00e9 du cout (en points) et un r\u00e9capitulatif du nombre de points dont vous disposez.<\/p>\n\n\n\n<figure class=\"wp-block-image size-large\"><img loading=\"lazy\" decoding=\"async\" width=\"1024\" height=\"569\" src=\"https:\/\/stg-unisafetywp-stage.kinsta.cloud\/wp-content\/uploads\/2024\/10\/Screenshot-2024-10-25-at-2.20.01\u202fPM-1024x569.png\" alt=\"\" class=\"wp-image-2001\" srcset=\"https:\/\/unisafety.motto.design\/wp-content\/uploads\/2024\/10\/Screenshot-2024-10-25-at-2.20.01\u202fPM-1024x569.png 1024w, https:\/\/unisafety.motto.design\/wp-content\/uploads\/2024\/10\/Screenshot-2024-10-25-at-2.20.01\u202fPM-300x167.png 300w, https:\/\/unisafety.motto.design\/wp-content\/uploads\/2024\/10\/Screenshot-2024-10-25-at-2.20.01\u202fPM-768x426.png 768w, https:\/\/unisafety.motto.design\/wp-content\/uploads\/2024\/10\/Screenshot-2024-10-25-at-2.20.01\u202fPM-1536x853.png 1536w, https:\/\/unisafety.motto.design\/wp-content\/uploads\/2024\/10\/Screenshot-2024-10-25-at-2.20.01\u202fPM-2048x1137.png 2048w, https:\/\/unisafety.motto.design\/wp-content\/uploads\/2024\/10\/Screenshot-2024-10-25-at-2.20.01\u202fPM-416x231.png 416w\" sizes=\"auto, (max-width: 1024px) 100vw, 1024px\" \/><\/figure>\n\n\n\n<p>Cliquez sur &#8220;Valider ma commande&#8221; pour finaliser votre commande.<\/p>\n\n\n\n<p>La page de commande est present\u00e9e comme ci-dessous:<\/p>\n\n\n\n<figure class=\"wp-block-image size-large\"><img loading=\"lazy\" decoding=\"async\" width=\"1024\" height=\"997\" src=\"https:\/\/stg-unisafetywp-stage.kinsta.cloud\/wp-content\/uploads\/2024\/10\/1729880810439-1024x997.png\" alt=\"\" class=\"wp-image-2005\" srcset=\"https:\/\/unisafety.motto.design\/wp-content\/uploads\/2024\/10\/1729880810439-1024x997.png 1024w, https:\/\/unisafety.motto.design\/wp-content\/uploads\/2024\/10\/1729880810439-300x292.png 300w, https:\/\/unisafety.motto.design\/wp-content\/uploads\/2024\/10\/1729880810439-768x748.png 768w, https:\/\/unisafety.motto.design\/wp-content\/uploads\/2024\/10\/1729880810439-1536x1496.png 1536w, https:\/\/unisafety.motto.design\/wp-content\/uploads\/2024\/10\/1729880810439-2048x1994.png 2048w, https:\/\/unisafety.motto.design\/wp-content\/uploads\/2024\/10\/1729880810439-416x405.png 416w\" sizes=\"auto, (max-width: 1024px) 100vw, 1024px\" \/><\/figure>\n\n\n\n<p>La page de validation de commande ressemble au panier, mais y est ajout\u00e9 la gestion des adresses.<\/p>\n\n\n\n<p>Dans la capture d&#8217;\u00e9cran ci-dessus, l&#8217;utilisateur a d\u00e9j\u00e0 une adresse enregistr\u00e9e pour la facturation et la livraison. Si ce n&#8217;est pas le cas, la section des adresses contiendra un formulaire pour renseigner les adresses manuellement.<\/p>\n\n\n\n<figure class=\"wp-block-image size-large\"><img loading=\"lazy\" decoding=\"async\" width=\"1024\" height=\"707\" src=\"https:\/\/stg-unisafetywp-stage.kinsta.cloud\/wp-content\/uploads\/2024\/10\/1729793178850-1-1024x707.png\" alt=\"\" class=\"wp-image-2012\" srcset=\"https:\/\/unisafety.motto.design\/wp-content\/uploads\/2024\/10\/1729793178850-1-1024x707.png 1024w, https:\/\/unisafety.motto.design\/wp-content\/uploads\/2024\/10\/1729793178850-1-300x207.png 300w, https:\/\/unisafety.motto.design\/wp-content\/uploads\/2024\/10\/1729793178850-1-768x531.png 768w, https:\/\/unisafety.motto.design\/wp-content\/uploads\/2024\/10\/1729793178850-1-1536x1061.png 1536w, https:\/\/unisafety.motto.design\/wp-content\/uploads\/2024\/10\/1729793178850-1-416x287.png 416w, https:\/\/unisafety.motto.design\/wp-content\/uploads\/2024\/10\/1729793178850-1.png 1604w\" sizes=\"auto, (max-width: 1024px) 100vw, 1024px\" \/><\/figure>\n\n\n\n<p>Les deux adresses sont n\u00e9cessaires pour valider la commande.<\/p>\n\n\n\n<p>Once the addresses are set, you can click &#8220;Place order&#8221; to finalize your order.<\/p>\n\n\n\n<p>Une fois les adresses ajout\u00e9es, vous pouvez cliquer sur &#8220;Commander&#8221; pour finaliser votre commande.<\/p>\n\n\n\n<p>Vous pouvez \u00e9galement enregistrer vos adresses en visitant la page &#8220;Mon Compte&#8221; disponible dans le menu du haut de page, puis en cliquant sur &#8220;Adresses&#8221; dans la colonne de navigation a gauche de la page.<\/p>\n\n\n\n<figure class=\"wp-block-image size-large\"><img loading=\"lazy\" decoding=\"async\" width=\"1024\" height=\"470\" src=\"https:\/\/stg-unisafetywp-stage.kinsta.cloud\/wp-content\/uploads\/2024\/10\/1729881388403-1024x470.png\" alt=\"\" class=\"wp-image-2009\" srcset=\"https:\/\/unisafety.motto.design\/wp-content\/uploads\/2024\/10\/1729881388403-1024x470.png 1024w, https:\/\/unisafety.motto.design\/wp-content\/uploads\/2024\/10\/1729881388403-300x138.png 300w, https:\/\/unisafety.motto.design\/wp-content\/uploads\/2024\/10\/1729881388403-768x353.png 768w, https:\/\/unisafety.motto.design\/wp-content\/uploads\/2024\/10\/1729881388403-1536x705.png 1536w, https:\/\/unisafety.motto.design\/wp-content\/uploads\/2024\/10\/1729881388403-2048x940.png 2048w, https:\/\/unisafety.motto.design\/wp-content\/uploads\/2024\/10\/1729881388403-416x191.png 416w\" sizes=\"auto, (max-width: 1024px) 100vw, 1024px\" \/><\/figure>\n","protected":false},"excerpt":{"rendered":"<p>Pour commander un produit sur Unisafety, naviguez jusqu&#8217;\u00e0 la boutique et cliquez sur le produit que vous voulez commander Si le produit que vous avez choisi doit \u00eatre configur\u00e9 (en s\u00e9lectionnant une taille ou une couleur), vous devez configurer les attributs du produit avant de pouvoir l&#8217;ajouter a votre panier. Une fois le produit correctement [&hellip;]<\/p>\n","protected":false},"author":1,"featured_media":0,"parent":1964,"menu_order":0,"comment_status":"closed","ping_status":"closed","template":"","meta":{"_acf_changed":false,"footnotes":""},"class_list":["post-1992","page","type-page","status-publish","hentry"],"acf":[],"_links":{"self":[{"href":"https:\/\/unisafety.motto.design\/fr\/wp-json\/wp\/v2\/pages\/1992","targetHints":{"allow":["GET"]}}],"collection":[{"href":"https:\/\/unisafety.motto.design\/fr\/wp-json\/wp\/v2\/pages"}],"about":[{"href":"https:\/\/unisafety.motto.design\/fr\/wp-json\/wp\/v2\/types\/page"}],"author":[{"embeddable":true,"href":"https:\/\/unisafety.motto.design\/fr\/wp-json\/wp\/v2\/users\/1"}],"replies":[{"embeddable":true,"href":"https:\/\/unisafety.motto.design\/fr\/wp-json\/wp\/v2\/comments?post=1992"}],"version-history":[{"count":4,"href":"https:\/\/unisafety.motto.design\/fr\/wp-json\/wp\/v2\/pages\/1992\/revisions"}],"predecessor-version":[{"id":2017,"href":"https:\/\/unisafety.motto.design\/fr\/wp-json\/wp\/v2\/pages\/1992\/revisions\/2017"}],"up":[{"embeddable":true,"href":"https:\/\/unisafety.motto.design\/fr\/wp-json\/wp\/v2\/pages\/1964"}],"wp:attachment":[{"href":"https:\/\/unisafety.motto.design\/fr\/wp-json\/wp\/v2\/media?parent=1992"}],"curies":[{"name":"wp","href":"https:\/\/api.w.org\/{rel}","templated":true}]}}